{"id":16,"date":"2026-04-03T15:22:28","date_gmt":"2026-04-03T15:22:28","guid":{"rendered":"http:\/\/localhost:8080\/about\/"},"modified":"2026-04-06T09:49:06","modified_gmt":"2026-04-06T09:49:06","slug":"about","status":"publish","type":"page","link":"https:\/\/www.clubmontara.com\/es\/about\/","title":{"rendered":"Sobre nosotros"},"content":{"rendered":"<p><strong>Con sede en Hong Kong, Clubmontara es una empresa familiar dedicada a conectar a una audiencia global con productos de alta calidad fabricados en China.<\/strong><\/p>\n<h2>Qu\u00e9 vendemos<\/h2>\n<ul>\n\t<li>Camisetas de selecciones nacionales y camisetas de f\u00fatbol<\/li>\n\t<li>Accesorios, regalos y piezas futboleras de colecci\u00f3n<\/li>\n\t<li>Productos seleccionados para d\u00edas de partido, viajes y uso diario<\/li>\n<\/ul>\n<h2>Qu\u00e9 nos importa<\/h2>\n<p>Tallas claras, tiempos de entrega claros y soporte directo. Si una pol\u00edtica afecta a tu pedido, debe ser f\u00e1cil de encontrar antes de pagar.<\/p>","protected":false},"excerpt":{"rendered":"<p>Con sede en Hong Kong, Clubmontara es una empresa familiar dedicada a conectar a una audiencia global con productos de alta calidad fabricados en China. Qu\u00e9 vendemos Camisetas de selecciones nacionales y camisetas de f\u00fatbol Accesorios, regalos y piezas futboleras de colecci\u00f3n Productos seleccionados para d\u00edas de partido, viajes y uso diario Qu\u00e9 nos importa [&hellip;]<\/p>\n","protected":false},"author":0,"featured_media":0,"parent":0,"menu_order":0,"comment_status":"closed","ping_status":"closed","template":"","meta":{"footnotes":""},"class_list":["post-16","page","type-page","status-publish","hentry"],"_links":{"self":[{"href":"https:\/\/www.clubmontara.com\/es\/wp-json\/wp\/v2\/pages\/16","targetHints":{"allow":["GET"]}}],"collection":[{"href":"https:\/\/www.clubmontara.com\/es\/wp-json\/wp\/v2\/pages"}],"about":[{"href":"https:\/\/www.clubmontara.com\/es\/wp-json\/wp\/v2\/types\/page"}],"replies":[{"embeddable":true,"href":"https:\/\/www.clubmontara.com\/es\/wp-json\/wp\/v2\/comments?post=16"}],"version-history":[{"count":3,"href":"https:\/\/www.clubmontara.com\/es\/wp-json\/wp\/v2\/pages\/16\/revisions"}],"predecessor-version":[{"id":310,"href":"https:\/\/www.clubmontara.com\/es\/wp-json\/wp\/v2\/pages\/16\/revisions\/310"}],"wp:attachment":[{"href":"https:\/\/www.clubmontara.com\/es\/wp-json\/wp\/v2\/media?parent=16"}],"curies":[{"name":"wp","href":"https:\/\/api.w.org\/{rel}","templated":true}]}}