{"id":17,"date":"2026-04-03T15:22:28","date_gmt":"2026-04-03T15:22:28","guid":{"rendered":"http:\/\/localhost:8080\/shipping\/"},"modified":"2026-04-06T15:43:58","modified_gmt":"2026-04-06T15:43:58","slug":"shipping","status":"publish","type":"page","link":"https:\/\/www.clubmontara.com\/es\/shipping\/","title":{"rendered":"Env\u00edos"},"content":{"rendered":"<p>Mantenemos los tiempos de env\u00edo claros para que sepas qu\u00e9 esperar antes de comprar. Cobramos una tarifa est\u00e1ndar de env\u00edo de <strong>USD 9.99<\/strong> para todos los pa\u00edses, y los pedidos superiores a <strong>USD 115<\/strong> obtienen <strong>env\u00edo gratis<\/strong>.<\/p>\n<h2>Preparaci\u00f3n<\/h2>\n<p>Los pedidos suelen salir dentro de <strong>2 a 3 d\u00edas<\/strong>. El seguimiento se activa despu\u00e9s del env\u00edo.<\/p>\n<h2>Estimaciones de entrega<\/h2>\n<p>Los pedidos de EE. UU., Canad\u00e1 y la UE suelen llegar dentro de <strong>7 a 12 d\u00edas h\u00e1biles<\/strong> despu\u00e9s del env\u00edo. Otros pa\u00edses y regiones suelen llegar dentro de <strong>9 a 15 d\u00edas<\/strong> despu\u00e9s del env\u00edo.<\/p>\n<p>Los tiempos de entrega son estimados y pueden verse afectados por aduanas, transportistas locales, el clima o periodos de alto volumen.<\/p>\n<h2>Aranceles e impuestos<\/h2>\n<ul>\n\t<li>Todos los aranceles e impuestos de importaci\u00f3n ya est\u00e1n incluidos en la tarifa de env\u00edo, por lo que los clientes no tienen que pagar nada extra<\/li>\n\t<li>Los clientes son responsables de proporcionar una direcci\u00f3n de env\u00edo correcta<\/li>\n<\/ul>\n<p>Si tu pedido es urgente, escribe a <strong>goclubmontara@gmail.com<\/strong> antes de comprar.<\/p>","protected":false},"excerpt":{"rendered":"<p>Mantenemos los tiempos de env\u00edo claros para que sepas qu\u00e9 esperar antes de comprar. Cobramos una tarifa est\u00e1ndar de env\u00edo de USD 9.99 para todos los pa\u00edses, y los pedidos superiores a USD 115 obtienen env\u00edo gratis. Preparaci\u00f3n Los pedidos suelen salir dentro de 2 a 3 d\u00edas. El seguimiento se activa despu\u00e9s del env\u00edo. [&hellip;]<\/p>\n","protected":false},"author":0,"featured_media":0,"parent":0,"menu_order":0,"comment_status":"closed","ping_status":"closed","template":"","meta":{"footnotes":""},"class_list":["post-17","page","type-page","status-publish","hentry"],"_links":{"self":[{"href":"https:\/\/www.clubmontara.com\/es\/wp-json\/wp\/v2\/pages\/17","targetHints":{"allow":["GET"]}}],"collection":[{"href":"https:\/\/www.clubmontara.com\/es\/wp-json\/wp\/v2\/pages"}],"about":[{"href":"https:\/\/www.clubmontara.com\/es\/wp-json\/wp\/v2\/types\/page"}],"replies":[{"embeddable":true,"href":"https:\/\/www.clubmontara.com\/es\/wp-json\/wp\/v2\/comments?post=17"}],"version-history":[{"count":8,"href":"https:\/\/www.clubmontara.com\/es\/wp-json\/wp\/v2\/pages\/17\/revisions"}],"predecessor-version":[{"id":321,"href":"https:\/\/www.clubmontara.com\/es\/wp-json\/wp\/v2\/pages\/17\/revisions\/321"}],"wp:attachment":[{"href":"https:\/\/www.clubmontara.com\/es\/wp-json\/wp\/v2\/media?parent=17"}],"curies":[{"name":"wp","href":"https:\/\/api.w.org\/{rel}","templated":true}]}}