{"id":18,"date":"2026-04-03T15:22:28","date_gmt":"2026-04-03T15:22:28","guid":{"rendered":"http:\/\/localhost:8080\/payment-methods\/"},"modified":"2026-04-06T11:49:33","modified_gmt":"2026-04-06T11:49:33","slug":"payment-methods","status":"publish","type":"page","link":"https:\/\/www.clubmontara.com\/es\/payment-methods\/","title":{"rendered":"M\u00e9todos de pago"},"content":{"rendered":"<p>Queremos que el pago sea simple y est\u00e9 claramente explicado.<\/p>\n<h2>M\u00e9todos de pago disponibles<\/h2>\n<p>Aceptamos <strong>Visa<\/strong>, <strong>Mastercard<\/strong> y <strong>American Express<\/strong> a trav\u00e9s de <strong>PayPal<\/strong>. Tambi\u00e9n aceptamos pagos en cripto solo con <strong>USDT<\/strong> y <strong>USDC<\/strong>.<\/p>\n<h2>Si un pago necesita revisi\u00f3n<\/h2>\n<ul>\n\t<li>Si un pago queda incompleto o vence, el pedido permanecer\u00e1 impagado hasta que el pago se complete de nuevo<\/li>\n\t<li>Si un pago se marca como inusual, el pedido puede revisarse antes de la preparaci\u00f3n<\/li>\n<\/ul>\n<p>Si tienes una pregunta sobre pagos, contacta con <strong>goclubmontara@gmail.com<\/strong>.<\/p>","protected":false},"excerpt":{"rendered":"<p>Queremos que el pago sea simple y est\u00e9 claramente explicado. M\u00e9todos de pago disponibles Aceptamos Visa, Mastercard y American Express a trav\u00e9s de PayPal. Tambi\u00e9n aceptamos pagos en cripto solo con USDT y USDC. Si un pago necesita revisi\u00f3n Si un pago queda incompleto o vence, el pedido permanecer\u00e1 impagado hasta que el pago se [&hellip;]<\/p>\n","protected":false},"author":0,"featured_media":0,"parent":0,"menu_order":0,"comment_status":"closed","ping_status":"closed","template":"","meta":{"footnotes":""},"class_list":["post-18","page","type-page","status-publish","hentry"],"_links":{"self":[{"href":"https:\/\/www.clubmontara.com\/es\/wp-json\/wp\/v2\/pages\/18","targetHints":{"allow":["GET"]}}],"collection":[{"href":"https:\/\/www.clubmontara.com\/es\/wp-json\/wp\/v2\/pages"}],"about":[{"href":"https:\/\/www.clubmontara.com\/es\/wp-json\/wp\/v2\/types\/page"}],"replies":[{"embeddable":true,"href":"https:\/\/www.clubmontara.com\/es\/wp-json\/wp\/v2\/comments?post=18"}],"version-history":[{"count":4,"href":"https:\/\/www.clubmontara.com\/es\/wp-json\/wp\/v2\/pages\/18\/revisions"}],"predecessor-version":[{"id":311,"href":"https:\/\/www.clubmontara.com\/es\/wp-json\/wp\/v2\/pages\/18\/revisions\/311"}],"wp:attachment":[{"href":"https:\/\/www.clubmontara.com\/es\/wp-json\/wp\/v2\/media?parent=18"}],"curies":[{"name":"wp","href":"https:\/\/api.w.org\/{rel}","templated":true}]}}